{"id":996,"date":"2020-10-21T12:26:27","date_gmt":"2020-10-21T10:26:27","guid":{"rendered":"https:\/\/megal.pl\/instrukcje\/instrukcja-transportu-skladowania-i-montazu-szyb\/"},"modified":"2021-02-08T12:40:47","modified_gmt":"2021-02-08T11:40:47","slug":"instruction-for-transport-storage-and-assembly-of-glass-panes","status":"publish","type":"page","link":"https:\/\/megal.pl\/en\/instructions\/instruction-for-transport-storage-and-assembly-of-glass-panes\/","title":{"rendered":"Instruction for transport, storage and assembly of glass panes"},"content":{"rendered":"<h1>Instruction for transport, storage and assembly of glass panes<\/h1>\n<p>Uwaga: NIEW\u0141A\u015aCIWE OBCHODZENIE SI\u0118 ZE SZK\u0141EM PODCZAS TRANSPORTU, SK\u0141ADOWANIA I MONTA\u017bU MO\u017bE DOPROWADZI\u0106 DO USZKODZE\u0143 MECHANICZNYCH, KT\u00d3RE NIE PODLEGAJ\u0104 REKLAMACJOM !<\/p>\n<h3>MONTA\u017b SZK\u0141A POWINNY WYKONYWA\u0106 WYSPECJALIZOWANE EKIPY MONTA\u017bOWE.<\/h3>\n<h4>A. Og\u00f3lne zasady transportu szk\u0142a budowlanego:<\/h4>\n<ul>\n<li>transport szk\u0142a powinien odbywa\u0107 si\u0119 na transportowych stojakach, w spos\u00f3b zapewniaj\u0105cy ochron\u0119 przed mechanicznymi uszkodzeniami \u0142adunku<\/li>\n<li>szk\u0142o powinno by\u0107 transportowane w pozycji pionowej (nachylenie 3-7 stopni).<\/li>\n<li>tafle szk\u0142a nie mog\u0105 styka\u0107 si\u0119 ze sob\u0105<\/li>\n<li>tafle powinny by\u0107 podparte na ca\u0142ej wysoko\u015bci<\/li>\n<li>stojaki z szybami nale\u017cy ustawia\u0107 r\u00f3wnolegle do osi samochodu, zachowuj\u0105c niezb\u0119dny odst\u0119p pomi\u0119dzy stojakami i szybami<\/li>\n<li>zamocowanie szyb do stojaka oraz stojak\u00f3w do nadwozia samochodu powinno zapewni\u0107 brak ryzyka przesuni\u0119cia \u0142adunku nawet w przypadku silnego hamowania.<br \/>\nNa czas transportu si\u0142a docisku element\u00f3w mocuj\u0105cych powinna by\u0107 zwi\u0119kszona tak, aby zabezpieczy\u0107 szyby przed przesuni\u0119ciem.<\/li>\n<li>podczas transportu nale\u017cy unika\u0107 gwa\u0142townych i powtarzaj\u0105cych si\u0119 wstrz\u0105s\u00f3w<\/li>\n<li>nadwozie samochodu powinno zapewni\u0107 ochron\u0119 \u0142adunku przed promieniami s\u0142onecznymi, opadami atmosferycznymi oraz przedostawaniem si\u0119 pomi\u0119dzy szyby du\u017cych drobin twardych materia\u0142\u00f3w, mog\u0105cych powodowa\u0107 uszkodzenie powierzchni szk\u0142a.<\/li>\n<\/ul>\n<h4>B. Og\u00f3lne zasady sk\u0142adowania szk\u0142a<\/h4>\n<p>Szk\u0142o :<\/p>\n<ul>\n<li>powinno by\u0107 sk\u0142adowane w suchym miejscu.<\/li>\n<li>nie powinno styka\u0107 si\u0119 z \u017cadnym materia\u0142em, kt\u00f3ry jest od niego twardszy np. betonem, kamieniem,<\/li>\n<li>materia\u0142ami \u017celaznymi itp. zminimalizuje to ryzyko uszkodzenia i st\u0142uczenia.<\/li>\n<li>pod\u0142o\u017ce na kt\u00f3rym zostanie ustawione szk\u0142o nale\u017cy wy\u0142o\u017cy\u0107 klockami drewnianymi, grubym filcem, gum\u0105 lub plastikiem.<\/li>\n<li>nie nale\u017cy stawia\u0107 szyb na ich naro\u017cach.<\/li>\n<li>k\u0105t pochylenia sk\u0142adowanych zestaw\u00f3w szklanych powinien wynosi\u0107 od 3 do 6\u02da.\u00a0 Zwi\u0119kszenie k\u0105ta powy\u017cej 6\u02da spowoduje silniejsze obci\u0105\u017cenie szk\u0142a i mo\u017ce powodowa\u0107 p\u0119kanie.<\/li>\n<li>sk\u0142adowane nale\u017cy jak najr\u00f3wnomierniej podeprze\u0107 na jego powierzchni. Podpora powinna by\u0107 na ca\u0142ej d\u0142ugo\u015bci lub ca\u0142ej szeroko\u015bci zestaw\u00f3w szyb lub zestaw\u00f3w szybowych.<\/li>\n<li>po ustawieniu na pod\u0142o\u017cu nale\u017cy zabezpieczy\u0107 przed przesuni\u0119ciem.<\/li>\n<\/ul>\n<h4>C. Og\u00f3lna instrukcja monta\u017cu szyb<\/h4>\n<p>Szk\u0142o jest cz\u0119\u015bci\u0105 konstrukcji, do obowi\u0105zk\u00f3w u\u017cytkownika nale\u017cy zapewnienie zgodno\u015bci ca\u0142o\u015bci elementu z aktualnymi przepisami oraz uzyskanie aprobaty technicznej.<br \/>\nProducent odrzuca wszelk\u0105 odpowiedzialno\u015b\u0107 w przypadku, gdy szk\u0142o zostanie zamontowane w niezatwierdzonej lud wadliwej konstrukcji.<\/p>\n<h5><\/h5>\n<h5>Zasady og\u00f3lne<\/h5>\n<ul>\n<li>kraw\u0119dzie szyb nie mog\u0105 mie\u0107 kontaktu z wod\u0105, p\u0142ynem lub agresywnymi materia\u0142ami<\/li>\n<li>nale\u017cy unika\u0107 kontaktu szk\u0142a z metalem,<\/li>\n<li>nie nale\u017cy stosowa\u0107 \u017cadnych nacisk\u00f3w na tafl\u0119 szk\u0142a,<\/li>\n<li>nie nale\u017cy uszkadza\u0107 kraw\u0119dzi szyb,<\/li>\n<li>nale\u017cy u\u017cywa\u0107 podk\u0142adek systemowych z PCV,<\/li>\n<li>nale\u017cy zapewni\u0107 luz na obrze\u017cach 4-5mm,<\/li>\n<li>nale\u017cy zapewni\u0107 luz na przedniej i tylnej powierzchni 4-5 mm,<\/li>\n<li>profil musi by\u0107 suchy; wolny od korozji i zanieczyszcze\u0144 produktami agresywnymi (kwasy, rozpuszczalniki organiczne, wody, inne p\u0142yny)<\/li>\n<li>nie nale\u017cy dopuszcza\u0107 do jakiegokolwiek kontaktu brzeg\u00f3w tafli szk\u0142a z wod\u0105,<\/li>\n<li>po szkleniu nale\u017cy zastosowa\u0107 neutralny uszczelniacz silikonowy lub zainstalowa\u0107 such\u0105 uszczelk\u0119.<\/li>\n<\/ul>\n<p>_<\/p>\n<p>Szklenie zewn\u0119trzne &#8211; w uzupe\u0142nieniu do powy\u017cszych zasad przy szkleniu zewn\u0119trznym\u00a0 :<br \/>\n&#8211; w ramie nie mo\u017ce znajdowa\u0107 si\u0119 woda (skroplona para lub infiltracja)<br \/>\n&#8211; nale\u017cy stosowa\u0107 drenowane i wentylowane ramy<\/p>\n<p>&nbsp;<\/p>\n<p>Najwa\u017cniejsza zasad\u0105 kt\u00f3r\u0105 nale\u017cy si\u0119 kierowa\u0107 przy monta\u017cu i\/lub uszczelnianiu szyb zespolonych, \u017ceby na\u0142o\u017cona masa mocuj\u0105ca nigdy nie by\u0142a w bezpo\u015brednim kontakcie z mas\u0105 uszczelniaj\u0105c\u0105 szyby zespolone. R\u00f3\u017cnego rodzaju dost\u0119pne na rynku silikonowe masy uszczelniaj\u0105ce polecane do stosowania w trakcie monta\u017cu szyb zespolonych w ramach stolarki budowlanej lub do uszczelniania osadzonych w ramach szyb zespolonych mog\u0105 zawiera\u0107 w sobie du\u017ce ilo\u015bci nieznanych rozpuszczalnik\u00f3w lub substancji zwanych plastyfikatorami, kt\u00f3re podczas utwardzania agresywnie dzia\u0142aj\u0105 na u\u017cyt\u0105 mas\u0119 uszczelniaj\u0105c\u0105 szyby zespolone. Przy u\u017cyciu takich mas do rozhermetyzowania zestaw\u00f3w szybowych tj. ca\u0142kowitej degradacji masy uszczelniaj\u0105cej mo\u017ce doj\u015b\u0107 ju\u017c w ci\u0105gu kilku dni. W zwi\u0105zku z powy\u017cszym przy wyborze mas monta\u017cowych i uszczelniaj\u0105cych zestawy szybowe nale\u017cy zachowa\u0107 szczeg\u00f3ln\u0105 ostro\u017cno\u015b\u0107. Nale\u017cy stosowa\u0107 wy\u0142\u0105cznie takie masy, kt\u00f3rych producent gwarantuje kompatybilno\u015b\u0107 z masami uszczelniaj\u0105cymi szyby zespolone.<\/p>\n<p>Szk\u0142o laminowane nie mo\u017ce by\u0107 instalowane w miejscach gdzie temperatura b\u0119dzie przekracza\u0107 40\u02daC .<\/p>\n<h3>PRACE MONTA\u017bOWE<\/h3>\n<ul>\n<li>monta\u017c szyb nale\u017cy wykonywa\u0107 pos\u0142uguj\u0105c si\u0119 \u015brodkami mechanicznymi do przenoszenia szk\u0142a, kt\u00f3re swoj\u0105 konstrukcj\u0105 s\u0105 dopasowane do wymiar\u00f3w i ci\u0119\u017caru szyb i gwarantuj\u0105 bezpiecze\u0144stwo os\u00f3b i otoczenia<\/li>\n<li>w trakcie prac monta\u017cowych nale\u017cy zapewni\u0107 brak bezpo\u015bredniego kontaktu szk\u0142a z elementami metalowymi i wyeliminowa\u0107 ryzyko ewentualnych uszkodze\u0144 mechanicznych szk\u0142a<\/li>\n<li>szyby w czasie prac monta\u017cowych oraz w trakcie eksploatacji nie powinny by\u0107 poddawane oddzia\u0142ywaniu agresywnych dla szk\u0142a zwi\u0105zk\u00f3w chemicznych i substancji zasadowych (np. z betonu) oraz dzia\u0142aniom mechanicznym np. zarysowanie, uderzenie \u2013 mog\u0105cymi prowadzi\u0107 do uszkodzenia samego szk\u0142a lub obni\u017cenia czy zmiany cech u\u017cytkowych materia\u0142\u00f3w zastosowanych do wykonania szyby. Wym\u00f3g ten dotyczy r\u00f3wnie\u017c sposobu mycia i konserwacji szyb.<\/li>\n<li>materia\u0142y u\u017cyte do konstrukcji otwor\u00f3w przeznaczonych do zabudowy szk\u0142em oraz stosowane przy szkleniu szyb: masy uszczelniaj\u0105ce, materia\u0142y wype\u0142niaj\u0105ce, uszczelki, klocki, podk\u0142adki i inne \u2013 powinny by\u0107 kompatybilne z materia\u0142ami u\u017cytymi przy produkcji szyb zespolonych lub szkie\u0142 pojedynczych, to znaczy nie mog\u0105 wp\u0142ywa\u0107 na obni\u017cenie u\u017cytkowych i trwa\u0142o\u015bciowych parametr\u00f3w oszkle\u0144.<\/li>\n<li>spos\u00f3b mocowania powinien zapewnia\u0107 jednorodn\u0105 po obwodzie si\u0142\u0119 docisku szk\u0142a. W czasie monta\u017cu i eksploatacji szyby nie powinny by\u0107 poddawane napr\u0119\u017ceniom skr\u0119caj\u0105cym a ugi\u0119cie profili podpieraj\u0105cych nie powinno by\u0107 wi\u0119ksze ni\u017c 1\/200 lub 8mm przy kombinacji niekorzystnych obci\u0105\u017ce\u0144 projektowych.<\/li>\n<li>spos\u00f3b mocowania szyb powinien zapewnia\u0107 trwa\u0142e przykrycie ca\u0142ego pasa brzegowego wok\u00f3\u0142 szyby w spos\u00f3b zapewniaj\u0105cy ochron\u0119 przed bezpo\u015brednim oddzia\u0142ywaniem promieni s\u0142onecznych na mas\u0119 uszczelniaj\u0105c\u0105 oraz skuteczne wentylowanie i odprowadzanie wody z okolicy obrze\u017ca szyb, aby wykluczy\u0107 d\u0142ugotrwa\u0142e oddzia\u0142ywanie wody lub pary wodnej z materia\u0142ami pokrywaj\u0105cymi lub uszczelniaj\u0105cymi szyb\u0119.<\/li>\n<li>ci\u0119\u017car szyb powinien zosta\u0107 przeniesiony na konstrukcj\u0119 mocuj\u0105c\u0105 za pomoc\u0105 dw\u00f3ch sztywnych element\u00f3w podpieraj\u0105cych. Elementy mocuj\u0105ce, podpieraj\u0105ce, dociskowe musz\u0105 znajdowa\u0107 si\u0119 w odleg\u0142o\u015bci co najmniej 50mm od naro\u017ca szyby<\/li>\n<li>podczas osadzania szyby nale\u017cy zwr\u00f3ci\u0107 uwag\u0119 na zachowanie odst\u0119pu pomi\u0119dzy kraw\u0119dzi\u0105 szyby a p\u0142aszczyzn\u0105 wr\u0119bu i wymaganej szczeliny uszczelnienia. Luz wr\u0119bu szyby powinien wynosi\u0107 co najmniej 5mm<\/li>\n<li>podk\u0142adki:<br \/>\n&#8211; wymiary i po\u0142o\u017cenie podk\u0142adek uzale\u017cnione jest od wymaga\u0144 technicznych,<br \/>\n&#8211; podk\u0142adki dystansowe, no\u015bne i rozporowe powinny by\u0107 odporne na dzia\u0142anie warunk\u00f3w atmosferycznych i materia\u0142\u00f3w uszczelniaj\u0105cych.<br \/>\n&#8211; kszta\u0142t podk\u0142adek nie mo\u017ce si\u0119 zmienia\u0107 pod wp\u0142ywem obci\u0105\u017ce\u0144.<br \/>\n&#8211; wielko\u015b\u0107 podk\u0142adek musi by\u0107 tak dobrana, aby ca\u0142a szeroko\u015b\u0107 szyby spoczywa\u0142a na podk\u0142adce, dlatego podk\u0142adka powinna by\u0107 szersza o oko\u0142o 2mm od grubo\u015bci szyby.<\/li>\n<li>przy monta\u017cu szyb nale\u017cy przestrzega\u0107 wytycznych producenta stolarki otworowej.<\/li>\n<\/ul>\n<h3>INSTRUKCJA CZYSZCZENIA POWIERZCHNI SZK\u0141A<\/h3>\n<p>Czyszczenie szk\u0142a, powinno by\u0107 wykonywane przy u\u017cyciu \u0142agodnych \u015brodk\u00f3w czyszcz\u0105cych. Zabrudzenia szyb nale\u017cy usuwa\u0107 zwyk\u0142\u0105 metod\u0105 mycia przy u\u017cyciu wody, g\u0105bki, wa\u0142ka gumowego, sk\u00f3ry lub dost\u0119pnych w handlu rozpylanych \u015brodk\u00f3w czyszcz\u0105cych i szmatek.<br \/>\nOstre narz\u0119dzia takie jak \u017cyletki lub skrobaki, mog\u0105 powodowa\u0107 zadrapania powierzchni i z tego powodu nie nale\u017cy ich stosowa\u0107. Konieczne jest natychmiastowe usuwanie bry\u0142 cementu lub innych pozosta\u0142o\u015bci materia\u0142\u00f3w budowlanych, w tym wapna, w przeciwnym przypadku mo\u017cliwe jest wytrawianie szk\u0142a.<br \/>\nZwyk\u0142e zabrudzenia powinny by\u0107 usuwane w spos\u00f3b opisany powy\u017cej, natomiast materia\u0142y \u015bcierne, np. \u015brodki szoruj\u0105ce lub we\u0142na stalowa nie mog\u0105 by\u0107 u\u017cywane. Trudne do usuni\u0119cia zabrudzenia, powinny by\u0107 usuwane przy pomocy spirytusu, lub benzyny, nast\u0119pnie nale\u017cy szk\u0142o wymy\u0107 wod\u0105.<\/p>\n<p>Niezalecane \u015brodki czyszcz\u0105ce<br \/>\nNie wolno stosowa\u0107 silnych roztwor\u00f3w zasad lub kwas\u00f3w, szczeg\u00f3lnie p\u0142ynnych kwas\u00f3w oraz \u015brodk\u00f3w czyszcz\u0105cych zawieraj\u0105cych fluorki. Roztwory takie mog\u0105 spowodowa\u0107 nieodwracalne uszkodzenia pow\u0142ok i\/lub powierzchni szk\u0142a.<\/p>\n<p>Uszkodzenia powierzchni<br \/>\nUszkodzenia powierzchni szk\u0142a mog\u0105 by\u0107 powodowane r\u00f3\u017cnymi przyczynami. Konieczne jest podj\u0119cie \u015brodk\u00f3w zabezpieczaj\u0105cych, odpowiednich dla lokalnych warunk\u00f3w.<\/p>\n<p>Czynno\u015bci spawania i szlifowania<br \/>\nSpawanie lub szlifowanie dokonywane w pobli\u017cu okien wymaga zastosowania odpowiedniego zabezpieczenia powierzchni szk\u0142a w celu unikni\u0119cia powstawania w\u017cer\u00f3w od rozprysk\u00f3w ze spawania lub iskier ze szlifowania.<\/p>\n<p>Wytrawianie i \u0142ugowanie<br \/>\nWytrawianie powierzchni szk\u0142a mo\u017ce powstawa\u0107 przy zetkni\u0119ciu si\u0119 szk\u0142a ze \u015brodkami chemicznymi stosowanymi zwykle w materia\u0142ach budowlanych i \u015brodkach czyszcz\u0105cych. Chemikalia, takie jak roztwory zasad i kwas\u00f3w dzia\u0142aj\u0105c przez d\u0142u\u017cszy czas prowadz\u0105 do trwa\u0142ego wytrawienia powierzchni. Odnosi si\u0119 to r\u00f3wnie\u017c do r\u00f3\u017cnego rodzaju chemicznych materia\u0142\u00f3w wyko\u0144czeniowych stykaj\u0105cych si\u0119 z powierzchni\u0105 szk\u0142a.<\/p>\n<p>Uszkodzenia spowodowane dzia\u0142aniem wody<br \/>\nMo\u017cliwe jest r\u00f3wnie\u017c uszkodzenie powierzchni wskutek d\u0142ugotrwa\u0142ego dzia\u0142ania wody, szczeg\u00f3lnie je\u017celi szk\u0142o by\u0142o nara\u017cone na d\u0142ugie dzia\u0142anie zabrudze\u0144. Szk\u0142o nale\u017cy czy\u015bci\u0107 regularnie.<\/p>\n<p>Na szk\u0142o obowi\u0105zuj\u0105 normy: PN-EN ISO 12543-5; PN-EN ISO 12543-6; PN-EN 1279.<\/p>\n<h3><\/h3>\n<h3>SZYBA TYPU &#8220;LUSTRO WENECKIE&#8221;<\/h3>\n<p>Szyba ta odbija cz\u0119\u015b\u0107 \u015bwiat\u0142a, a drug\u0105 cz\u0119\u015b\u0107 przepuszcza (pomijaj\u0105c \u015bwiat\u0142o poch\u0142oni\u0119te i rozproszone).<\/p>\n<p>Zalety &#8220;lustra weneckiego&#8221;:<\/p>\n<ul>\n<li>wysoka jako\u015b\u0107 jednokierunkowego widzenia, pomocnego w uzyskaniu prywatno\u015bci i dyskretnej obserwacji,<\/li>\n<li>w kontrolowanych warunkach o\u015bwietlenia mo\u017ce wygl\u0105da\u0107 jak zwyk\u0142e lustro,<\/li>\n<li>idealny wyb\u00f3r dla sal s\u0105dowych, supermarket\u00f3w, pomieszcze\u0144 kasowych, pomieszcze\u0144 ochrony, tajnych kancelarii, archiw\u00f3w, strzelnic itp.<\/li>\n<li>odpowiednie dla oddzia\u0142\u00f3w monitoruj\u0105cych pacjent\u00f3w, policyjnych sal przes\u0142ucha\u0144, apartament\u00f3w przy ci\u0105gach pieszych,<\/li>\n<li>mo\u017cliwo\u015b\u0107 stosowania wewn\u0105trz i na zewn\u0105trz budynku.<\/li>\n<\/ul>\n<p>Szyba typu &#8220;lustro weneckie&#8221; mo\u017ce by\u0107 poddawana obr\u00f3bce w celu uzyskania szk\u0142a bezpiecznego, przeciww\u0142amaniowego, kuloodpornego lub innych konfiguracji szybowych.<\/p>\n<p>Lustro weneckie sprawdza si\u0119 najlepiej w kontrolowanych warunkach o\u015bwietlenia, gdzie najkorzystniejszy stosunek nat\u0119\u017cenia o\u015bwietlenia wynosi 8:1. Nale\u017cy jednak zwr\u00f3ci\u0107 uwag\u0119, \u017ce w\u0142a\u015bciwo\u015bci szk\u0142a mog\u0105 zosta\u0107 odwr\u00f3cone, je\u015bli stosunek ten ulegnie zmianie. Parametry techniczne dotycz\u0105ce przepuszczalno\u015bci i odbicia \u015bwiat\u0142a obliczane s\u0105 zgodnie z normami europejskimi EN 410 i EN 673.<\/p>\n","protected":false},"excerpt":{"rendered":"<p>Instruction for transport, storage and assembly of glass panes Uwaga: NIEW\u0141A\u015aCIWE OBCHODZENIE SI\u0118 ZE SZK\u0141EM PODCZAS TRANSPORTU, SK\u0141ADOWANIA I MONTA\u017bU MO\u017bE DOPROWADZI\u0106 DO USZKODZE\u0143 MECHANICZNYCH, KT\u00d3RE NIE PODLEGAJ\u0104 REKLAMACJOM ! MONTA\u017b SZK\u0141A POWINNY WYKONYWA\u0106 WYSPECJALIZOWANE EKIPY MONTA\u017bOWE. A. Og\u00f3lne zasady transportu szk\u0142a budowlanego: transport szk\u0142a powinien odbywa\u0107 si\u0119 na transportowych stojakach, w spos\u00f3b zapewniaj\u0105cy ochron\u0119 [&hellip;]<\/p>\n","protected":false},"author":1,"featured_media":0,"parent":416,"menu_order":0,"comment_status":"closed","ping_status":"closed","template":"","meta":{"_acf_changed":false,"footnotes":""},"class_list":["post-996","page","type-page","status-publish","hentry"],"acf":[],"yoast_head":"<!-- This site is optimized with the Yoast SEO plugin v27.1.1 - https:\/\/yoast.com\/product\/yoast-seo-wordpress\/ -->\n<title>Instruction for transport, storage and assembly of glass panes - Megal<\/title>\n<meta name=\"robots\" content=\"index, follow, max-snippet:-1, max-image-preview:large, max-video-preview:-1\" \/>\n<link rel=\"canonical\" href=\"https:\/\/megal.pl\/en\/instructions\/instruction-for-transport-storage-and-assembly-of-glass-panes\/\" \/>\n<meta property=\"og:locale\" content=\"en_US\" \/>\n<meta property=\"og:type\" content=\"article\" \/>\n<meta property=\"og:title\" content=\"Instruction for transport, storage and assembly of glass panes - Megal\" \/>\n<meta property=\"og:description\" content=\"Instruction for transport, storage and assembly of glass panes Uwaga: NIEW\u0141A\u015aCIWE OBCHODZENIE SI\u0118 ZE SZK\u0141EM PODCZAS TRANSPORTU, SK\u0141ADOWANIA I MONTA\u017bU MO\u017bE DOPROWADZI\u0106 DO USZKODZE\u0143 MECHANICZNYCH, KT\u00d3RE NIE PODLEGAJ\u0104 REKLAMACJOM ! MONTA\u017b SZK\u0141A POWINNY WYKONYWA\u0106 WYSPECJALIZOWANE EKIPY MONTA\u017bOWE. A. Og\u00f3lne zasady transportu szk\u0142a budowlanego: transport szk\u0142a powinien odbywa\u0107 si\u0119 na transportowych stojakach, w spos\u00f3b zapewniaj\u0105cy ochron\u0119 [&hellip;]\" \/>\n<meta property=\"og:url\" content=\"https:\/\/megal.pl\/en\/instructions\/instruction-for-transport-storage-and-assembly-of-glass-panes\/\" \/>\n<meta property=\"og:site_name\" content=\"Megal\" \/>\n<meta property=\"article:modified_time\" content=\"2021-02-08T11:40:47+00:00\" \/>\n<meta name=\"twitter:card\" content=\"summary_large_image\" \/>\n<meta name=\"twitter:label1\" content=\"Est. reading time\" \/>\n\t<meta name=\"twitter:data1\" content=\"7 minutes\" \/>\n<script type=\"application\/ld+json\" class=\"yoast-schema-graph\">{\"@context\":\"https:\/\/schema.org\",\"@graph\":[{\"@type\":\"WebPage\",\"@id\":\"https:\/\/megal.pl\/en\/instructions\/instruction-for-transport-storage-and-assembly-of-glass-panes\/\",\"url\":\"https:\/\/megal.pl\/en\/instructions\/instruction-for-transport-storage-and-assembly-of-glass-panes\/\",\"name\":\"Instruction for transport, storage and assembly of glass panes - Megal\",\"isPartOf\":{\"@id\":\"https:\/\/megal.pl\/#website\"},\"datePublished\":\"2020-10-21T10:26:27+00:00\",\"dateModified\":\"2021-02-08T11:40:47+00:00\",\"breadcrumb\":{\"@id\":\"https:\/\/megal.pl\/en\/instructions\/instruction-for-transport-storage-and-assembly-of-glass-panes\/#breadcrumb\"},\"inLanguage\":\"en-US\",\"potentialAction\":[{\"@type\":\"ReadAction\",\"target\":[\"https:\/\/megal.pl\/en\/instructions\/instruction-for-transport-storage-and-assembly-of-glass-panes\/\"]}]},{\"@type\":\"BreadcrumbList\",\"@id\":\"https:\/\/megal.pl\/en\/instructions\/instruction-for-transport-storage-and-assembly-of-glass-panes\/#breadcrumb\",\"itemListElement\":[{\"@type\":\"ListItem\",\"position\":1,\"name\":\"Strona g\u0142\u00f3wna\",\"item\":\"https:\/\/megal.pl\/en\/\"},{\"@type\":\"ListItem\",\"position\":2,\"name\":\"Instructions\",\"item\":\"https:\/\/megal.pl\/en\/instructions\/\"},{\"@type\":\"ListItem\",\"position\":3,\"name\":\"Instruction for transport, storage and assembly of glass panes\"}]},{\"@type\":\"WebSite\",\"@id\":\"https:\/\/megal.pl\/#website\",\"url\":\"https:\/\/megal.pl\/\",\"name\":\"Megal\",\"description\":\"Bezpieczny \u015bwiat bez krat\",\"publisher\":{\"@id\":\"https:\/\/megal.pl\/#organization\"},\"potentialAction\":[{\"@type\":\"SearchAction\",\"target\":{\"@type\":\"EntryPoint\",\"urlTemplate\":\"https:\/\/megal.pl\/?s={search_term_string}\"},\"query-input\":{\"@type\":\"PropertyValueSpecification\",\"valueRequired\":true,\"valueName\":\"search_term_string\"}}],\"inLanguage\":\"en-US\"},{\"@type\":\"Organization\",\"@id\":\"https:\/\/megal.pl\/#organization\",\"name\":\"Megal Sp.z o.o.\",\"url\":\"https:\/\/megal.pl\/\",\"logo\":{\"@type\":\"ImageObject\",\"inLanguage\":\"en-US\",\"@id\":\"https:\/\/megal.pl\/#\/schema\/logo\/image\/\",\"url\":\"https:\/\/megal.pl\/wp-content\/uploads\/2020\/10\/megal-logo.svg\",\"contentUrl\":\"https:\/\/megal.pl\/wp-content\/uploads\/2020\/10\/megal-logo.svg\",\"width\":1,\"height\":1,\"caption\":\"Megal Sp.z o.o.\"},\"image\":{\"@id\":\"https:\/\/megal.pl\/#\/schema\/logo\/image\/\"},\"sameAs\":[\"https:\/\/www.instagram.com\/megal.pl\/?igshid=YmMyMTA2M2Y=\"]}]}<\/script>\n<!-- \/ Yoast SEO plugin. -->","yoast_head_json":{"title":"Instruction for transport, storage and assembly of glass panes - Megal","robots":{"index":"index","follow":"follow","max-snippet":"max-snippet:-1","max-image-preview":"max-image-preview:large","max-video-preview":"max-video-preview:-1"},"canonical":"https:\/\/megal.pl\/en\/instructions\/instruction-for-transport-storage-and-assembly-of-glass-panes\/","og_locale":"en_US","og_type":"article","og_title":"Instruction for transport, storage and assembly of glass panes - Megal","og_description":"Instruction for transport, storage and assembly of glass panes Uwaga: NIEW\u0141A\u015aCIWE OBCHODZENIE SI\u0118 ZE SZK\u0141EM PODCZAS TRANSPORTU, SK\u0141ADOWANIA I MONTA\u017bU MO\u017bE DOPROWADZI\u0106 DO USZKODZE\u0143 MECHANICZNYCH, KT\u00d3RE NIE PODLEGAJ\u0104 REKLAMACJOM ! MONTA\u017b SZK\u0141A POWINNY WYKONYWA\u0106 WYSPECJALIZOWANE EKIPY MONTA\u017bOWE. A. Og\u00f3lne zasady transportu szk\u0142a budowlanego: transport szk\u0142a powinien odbywa\u0107 si\u0119 na transportowych stojakach, w spos\u00f3b zapewniaj\u0105cy ochron\u0119 [&hellip;]","og_url":"https:\/\/megal.pl\/en\/instructions\/instruction-for-transport-storage-and-assembly-of-glass-panes\/","og_site_name":"Megal","article_modified_time":"2021-02-08T11:40:47+00:00","twitter_card":"summary_large_image","twitter_misc":{"Est. reading time":"7 minutes"},"schema":{"@context":"https:\/\/schema.org","@graph":[{"@type":"WebPage","@id":"https:\/\/megal.pl\/en\/instructions\/instruction-for-transport-storage-and-assembly-of-glass-panes\/","url":"https:\/\/megal.pl\/en\/instructions\/instruction-for-transport-storage-and-assembly-of-glass-panes\/","name":"Instruction for transport, storage and assembly of glass panes - Megal","isPartOf":{"@id":"https:\/\/megal.pl\/#website"},"datePublished":"2020-10-21T10:26:27+00:00","dateModified":"2021-02-08T11:40:47+00:00","breadcrumb":{"@id":"https:\/\/megal.pl\/en\/instructions\/instruction-for-transport-storage-and-assembly-of-glass-panes\/#breadcrumb"},"inLanguage":"en-US","potentialAction":[{"@type":"ReadAction","target":["https:\/\/megal.pl\/en\/instructions\/instruction-for-transport-storage-and-assembly-of-glass-panes\/"]}]},{"@type":"BreadcrumbList","@id":"https:\/\/megal.pl\/en\/instructions\/instruction-for-transport-storage-and-assembly-of-glass-panes\/#breadcrumb","itemListElement":[{"@type":"ListItem","position":1,"name":"Strona g\u0142\u00f3wna","item":"https:\/\/megal.pl\/en\/"},{"@type":"ListItem","position":2,"name":"Instructions","item":"https:\/\/megal.pl\/en\/instructions\/"},{"@type":"ListItem","position":3,"name":"Instruction for transport, storage and assembly of glass panes"}]},{"@type":"WebSite","@id":"https:\/\/megal.pl\/#website","url":"https:\/\/megal.pl\/","name":"Megal","description":"Bezpieczny \u015bwiat bez krat","publisher":{"@id":"https:\/\/megal.pl\/#organization"},"potentialAction":[{"@type":"SearchAction","target":{"@type":"EntryPoint","urlTemplate":"https:\/\/megal.pl\/?s={search_term_string}"},"query-input":{"@type":"PropertyValueSpecification","valueRequired":true,"valueName":"search_term_string"}}],"inLanguage":"en-US"},{"@type":"Organization","@id":"https:\/\/megal.pl\/#organization","name":"Megal Sp.z o.o.","url":"https:\/\/megal.pl\/","logo":{"@type":"ImageObject","inLanguage":"en-US","@id":"https:\/\/megal.pl\/#\/schema\/logo\/image\/","url":"https:\/\/megal.pl\/wp-content\/uploads\/2020\/10\/megal-logo.svg","contentUrl":"https:\/\/megal.pl\/wp-content\/uploads\/2020\/10\/megal-logo.svg","width":1,"height":1,"caption":"Megal Sp.z o.o."},"image":{"@id":"https:\/\/megal.pl\/#\/schema\/logo\/image\/"},"sameAs":["https:\/\/www.instagram.com\/megal.pl\/?igshid=YmMyMTA2M2Y="]}]}},"_links":{"self":[{"href":"https:\/\/megal.pl\/en\/wp-json\/wp\/v2\/pages\/996","targetHints":{"allow":["GET"]}}],"collection":[{"href":"https:\/\/megal.pl\/en\/wp-json\/wp\/v2\/pages"}],"about":[{"href":"https:\/\/megal.pl\/en\/wp-json\/wp\/v2\/types\/page"}],"author":[{"embeddable":true,"href":"https:\/\/megal.pl\/en\/wp-json\/wp\/v2\/users\/1"}],"replies":[{"embeddable":true,"href":"https:\/\/megal.pl\/en\/wp-json\/wp\/v2\/comments?post=996"}],"version-history":[{"count":8,"href":"https:\/\/megal.pl\/en\/wp-json\/wp\/v2\/pages\/996\/revisions"}],"predecessor-version":[{"id":1146,"href":"https:\/\/megal.pl\/en\/wp-json\/wp\/v2\/pages\/996\/revisions\/1146"}],"up":[{"embeddable":true,"href":"https:\/\/megal.pl\/en\/wp-json\/wp\/v2\/pages\/416"}],"wp:attachment":[{"href":"https:\/\/megal.pl\/en\/wp-json\/wp\/v2\/media?parent=996"}],"curies":[{"name":"wp","href":"https:\/\/api.w.org\/{rel}","templated":true}]}}