{"id":987,"date":"2020-10-26T10:58:21","date_gmt":"2020-10-26T09:58:21","guid":{"rendered":"https:\/\/megal.pl\/warunki-sprzedazy-dostaw-i-gwarancji\/warunki-sprzedazy-dostaw-i-gwarancji-megal-dla-konsumenta\/"},"modified":"2022-01-21T14:29:26","modified_gmt":"2022-01-21T13:29:26","slug":"warunki-sprzedazy-dostaw-i-gwarancji-megal-dla-konsumenta","status":"publish","type":"page","link":"https:\/\/megal.pl\/en\/conditions-of-sale-of-deliveries-and-of-guarantees-of-megal\/warunki-sprzedazy-dostaw-i-gwarancji-megal-dla-konsumenta\/","title":{"rendered":"Warunki sprzeda\u017cy, dostaw i gwarancji Megal dla konsumenta"},"content":{"rendered":"<p>&#8220;MEGAL&#8221; zwany dalej Sprzedaj\u0105cym sprzedaje, a Kupuj\u0105cy kupuje towary okre\u015blone w umowie na nast\u0119puj\u0105cych warunkach:<\/p>\n<p>&nbsp;<\/p>\n<p><strong>A. CENA<\/strong><br \/>\n1. Ceny ustalone w umowie s\u0105 cenami netto (bez podatku VAT). Do ustalonych cen jest doliczany podatek VAT w wysoko\u015bci obowi\u0105zuj\u0105cej dla kupowanych towar\u00f3w w dniu podpisania umowy.<br \/>\nSprzedaj\u0105cy ma prawo do zmiany wynagrodzenia w przypadku zmiany stawek podatku VAT, jak r\u00f3wnie\u017c innych obci\u0105\u017ce\u0144 podatkowych.<br \/>\n2. Je\u015bli w Umowie nie ustalono inaczej, to wysoko\u015b\u0107 zaliczki w stosunku do warto\u015bci umowy wynosi 49% (czterdzie\u015bci dziewi\u0119\u0107) procent dla zam\u00f3wionego towaru.<br \/>\n3. W przypadku powstania zaleg\u0142o\u015bci p\u0142atniczych z tytu\u0142u nie wp\u0142acenia przez Kupuj\u0105cego zaliczki w pe\u0142nej wysoko\u015bci, Sprzedaj\u0105cy mo\u017ce odst\u0105pi\u0107 od umowy.<\/p>\n<p><strong>B. P\u0141ATNO\u015a\u0106 I DOSTAWA<\/strong><br \/>\n1. Miejsce i termin dostawy\/odbioru, jak r\u00f3wnie\u017c formy i terminy wp\u0142aty zaliczki i p\u0142atno\u015bci ko\u0144cowej, ustalone s\u0105 w tre\u015bci umowy.<br \/>\n2. Kwota zaliczki okre\u015blonej w umowie jest warunkiem realizacji tej\u017ce umowy.<br \/>\n3. Za dzie\u0144 dokonania p\u0142atno\u015bci uwa\u017ca si\u0119 dzie\u0144 wp\u0142aty got\u00f3wki do kasy Sprzedaj\u0105cego a w przypadku przelewu dzie\u0144 wp\u0142ywu na konto Sprzedaj\u0105cego.<br \/>\n4. Realizacja ekspresowa rozpoczyna si\u0119 w dniu otrzymania zam\u00f3wienia i potwierdzeniu wp\u0142ywu zaliczki.<br \/>\n5. P\u0142atno\u015b\u0107 ko\u0144cowa got\u00f3wk\u0105 mo\u017ce by\u0107 dokonana w lokalnym biurze Sprzedaj\u0105cego wy\u0142\u0105cznie na \u017cyczenie Kupuj\u0105cego przed dostaw\u0105. W pozosta\u0142ych przypadkach p\u0142atno\u015b\u0107 dokonywana jest w momencie odbioru na r\u0119ce upowa\u017cnionego przedstawiciela Sprzedaj\u0105cego.<br \/>\n6. Kupuj\u0105cy zobowi\u0105zuje si\u0119 do odbioru zakupionych towar\u00f3w w ustalonym terminie (terminach):<br \/>\na) je\u017celi Kupuj\u0105cy odbiera towar w\u0142asnym transportem, Kupuj\u0105cy powiadomi Sprzedaj\u0105cego z minimum 2 dniowym wyprzedzeniem o terminie odbioru i odbierze towar w godzinach pracy magazynu Sprzedaj\u0105cego. Magazyn czynny w dni powszednie w godz. 8.00 \u2013 16.00.<br \/>\nb) w przypadku zakupu towar\u00f3w z dostaw\u0105 Sprzedaj\u0105cy powiadomi Kupuj\u0105cego z minimum 2 dniowym wyprzedzeniem o terminie dostawy<br \/>\nc) w przypadku zakupu towar\u00f3w z monta\u017cem Sprzedaj\u0105cy powiadomi Kupuj\u0105cego z minimum 2 dniowym wyprzedzeniem o terminie monta\u017cu<br \/>\n7. W razie zw\u0142oki w udost\u0119pnieniu obiektu niezb\u0119dnego do wykonania monta\u017cu, jak r\u00f3wnie\u017c przerwy w jego wykonaniu spowodowanych przez Kupuj\u0105cego i uniemo\u017cliwiaj\u0105cych zako\u0144czenie prac monta\u017cowych, termin mo\u017ce ulec zmianie.<br \/>\n8. W przypadku odbioru zakupionych towar\u00f3w w\u0142asnym transportem z magazynu Sprzedaj\u0105cego wszystkie ryzyka uszkodzenia lub utraty towar\u00f3w przechodz\u0105 na Kupuj\u0105cego z chwil\u0105 dokonania odbioru towaru. Odbi\u00f3r ilo\u015bciowy i jako\u015bciowy odbywa si\u0119 przed za\u0142adunkiem. Kupuj\u0105cy zobowi\u0105zany jest do odbioru zakupionego towaru przy u\u017cyciu \u015brodk\u00f3w transportu przystosowanych do przewozu szk\u0142a budowlanego i stolarki okiennej.<br \/>\n9. W przypadku zakupu towar\u00f3w z dostaw\u0105 wszystkie ryzyka uszkodzenia lub utraty towar\u00f3w przechodz\u0105 na Kupuj\u0105cego z chwil\u0105 rozpocz\u0119cia roz\u0142adunku, przy czym Kupuj\u0105cy zobowi\u0105zuje si\u0119 do w\u0142a\u015bciwego technicznego przygotowania i przeprowadzenia roz\u0142adunku oraz zapewnienia miejsca do sk\u0142adowania dostarczonego towaru.<br \/>\n10. W przypadku zakupu towar\u00f3w z monta\u017cem wszystkie ryzyka uszkodzenia lub utraty towar\u00f3w przechodz\u0105 na Kupuj\u0105cego z chwil\u0105 zako\u0144czenia monta\u017cu.<br \/>\n11. W przypadku braku mo\u017cliwo\u015bci roz\u0142adunku z przyczyn le\u017c\u0105cych po stronie Kupuj\u0105cego pokryje on koszty sk\u0142adowania i ubezpieczenia w zrycza\u0142towanej wysoko\u015bci 0,33% warto\u015bci umowy dziennie, nadto koszty ponownego transportu.<br \/>\n12. Sprzedaj\u0105cy zastrzega sobie prawo do realizowania dostawy partiami po wcze\u015bniejszym ustaleniu mi\u0119dzy stronami. W przypadku, gdy umowa jest realizowana przez Sprzedaj\u0105cego partiami, Kupuj\u0105cy zobowi\u0105zany jest do zap\u0142aty ka\u017cdorazowo za dostarczony faktycznie towar odliczaj\u0105c proporcjonalnie wp\u0142acon\u0105 zaliczk\u0119.<br \/>\n13. Przekazanie towar\u00f3w Kupuj\u0105cemu odbywa si\u0119 zawsze na podstawie protoko\u0142u odbioru. Podpisanie protoko\u0142u przez obie strony bez zastrze\u017ce\u0144 oznacza, \u017ce towar lub jego uzgodniona partia przekazana zosta\u0142a w ilo\u015bci uj\u0119tej w protokole i nie posiada wad jawnych.<\/p>\n<p><strong>C. ZASTRZE\u017bENIE W\u0141ASNO\u015aCI<\/strong><br \/>\n1. Sprzedaj\u0105cy zastrzega sobie prawo w\u0142asno\u015bci wszystkich towar\u00f3w obj\u0119tych umow\u0105 i dostarczonych Kupuj\u0105cemu (zar\u00f3wno zamontowanych jak i nie zamontowanych) do chwili zap\u0142aty ca\u0142ej nale\u017cno\u015bci Sprzedaj\u0105cemu, wynikaj\u0105cej z warto\u015bci umowy oraz ewentualnych dodatkowych koszt\u00f3w transportu lub odsetek za zw\u0142ok\u0119.<\/p>\n<p><strong>D. REKLAMACJE WAD JAWNYCH PRZY ODBIORZE<\/strong><br \/>\n1. Reklamacje ilo\u015bciowe oraz stwierdzenie wad jawnych, takich jak np.: uszkodzenia mechaniczne, p\u0119kni\u0119cia i st\u0142uczenia szk\u0142a czy g\u0142\u0119bokie zarysowania, powinny by\u0107 zaznaczone w protokole odbioru pod rygorem utraty wszelkich roszcze\u0144 z tego tytu\u0142u.<br \/>\n2. Je\u015bli odbierany partiami towar ma wady jawne, Kupuj\u0105cy ma prawo odm\u00f3wi\u0107 p\u0142atno\u015bci za wadliwy towar, kt\u00f3ry po naprawie lub ewentualnej wymianie zostanie niezw\u0142ocznie tj. w terminie do 14 dni przekazany Kupuj\u0105cemu. Kupuj\u0105cy jest jednak zobowi\u0105zany zap\u0142aci\u0107 za dostarczony w partii, nie reklamowany towar.<\/p>\n<p><strong>E. GWARANCJA<\/strong><br \/>\n1. Sprzedaj\u0105cy udziela na zakupione towary 12 miesi\u0119cznej gwarancji, kt\u00f3rej bieg rozpoczyna si\u0119 od dnia odbioru, dostawy lub monta\u017cu.<br \/>\n2. Uprawnienia z tytu\u0142u gwarancji s\u0105 zwi\u0105zane z prawem w\u0142asno\u015bci i powstaj\u0105 w momencie uregulowania wszelkich p\u0142atno\u015bci zwi\u0105zanych z dostarczonym towarem.<br \/>\n3. Sprzedaj\u0105cy gwarantuje wysok\u0105 jako\u015b\u0107 wyrob\u00f3w i ich zgodno\u015b\u0107 z odpowiednimi normami i tolerancjami w\u0142a\u015bciwymi dla typu wyrob\u00f3w.<br \/>\nNa szk\u0142o obowi\u0105zuj\u0105 normy: PN-EN ISO 12543-5; PN-EN ISO 12543-6; PN-EN 1279.<br \/>\nSzyby specjalistyczne mog\u0105 zosta\u0107 trwale oznakowane znakiem Producenta o \u015brednicy 30mm.<br \/>\n4. Gwarancja nie obejmuje:<br \/>\na) uszkodze\u0144 mechanicznych powsta\u0142ych z winy Kupuj\u0105cego lub os\u00f3b trzecich,<br \/>\nb) uszkodze\u0144 wynikaj\u0105cych w u\u017cytkowania niezgodnego z instrukcj\u0105 u\u017cytkowania i serwisu, przekazan\u0105 przez Sprzedaj\u0105cego, Kupuj\u0105cemu<br \/>\nc) uszkodze\u0144 powsta\u0142ych z powodu nieprawid\u0142owego monta\u017cu<br \/>\nd) uszkodze\u0144 powsta\u0142ych na skutek normalnego zu\u017cycia<br \/>\n5. Szk\u0142o przetworzone nie podlega reklamacji.<br \/>\n6. Zg\u0142oszenia wad ukrytych musz\u0105 by\u0107 sk\u0142adane w formie pisemnej, niezw\u0142ocznie tj. w terminie trzech dni od ich stwierdzenia z jednoznacznym okre\u015bleniem przedmiotu reklamacji i rodzaju wady.<br \/>\n7. W ramach gwarancji Sprzedaj\u0105cy ma prawo wyboru jednej z nast\u0119puj\u0105cych form realizacji zobowi\u0105za\u0144 gwarancyjnych:<br \/>\na) napraw\u0119 reklamowanego wyrobu,<br \/>\nb) wymian\u0119 wadliwego wyrobu,<br \/>\nc) udzielenie bonifikaty obiektywnie odpowiadaj\u0105cej stwierdzonej wadzie i spowodowanego t\u0105 wad\u0105 obni\u017cenia warto\u015bci u\u017cytkowej.<br \/>\nWyklucza si\u0119 jakiekolwiek inne mo\u017cliwo\u015bci realizacji gwarancji ni\u017c wy\u017cej wymienione.<br \/>\n8. Sprzedaj\u0105cy zobowi\u0105zany jest do udzielenia odpowiedzi na zg\u0142oszenie reklamacyjne w terminie do 2 (dw\u00f3ch) tygodni.<br \/>\n9. Wype\u0142nienie zobowi\u0105za\u0144 gwarancyjnych nast\u0105pi\u0107 powinno w mo\u017cliwie najkr\u00f3tszym czasie chyba, \u017ce z innych przyczyn (np. warunki pogodowe) Strony uzgodni\u0142y inny termin usuni\u0119cia wad.<br \/>\nTermin wykonania us\u0142ugi mo\u017ce ulec zmianie z przyczyn niezawinionych od firmy &#8220;Megal&#8221; Sp. z o.o., o czym Kupuj\u0105cy zostanie poinformowany.<br \/>\n10. Sprzedaj\u0105cy nie odpowiada za ewentualne szkody powsta\u0142e w wyniku wymiany szyb, stolarki okiennej i drzwiowej dokonanej zgodnie ze sztuk\u0105 budowlan\u0105 tj. za uszkodzenia elewacji oraz wyko\u0144cze\u0144 otwor\u00f3w okiennych (glazura, terakota, boazeria itp.), okien i drzwi.<\/p>\n<p><strong>F. ODST\u0104PIENIE OD UMOWY<\/strong><br \/>\n1. W razie niewykonania lub nienale\u017cytego wykonania niniejszej umowy przez kt\u00f3r\u0105kolwiek ze stron, zap\u0142aci ona kar\u0119 umown\u0105 na nast\u0119puj\u0105cych warunkach<br \/>\na) Sprzedaj\u0105cy zobowi\u0105zany jest do zap\u0142aty kary umownej w wysoko\u015bci 5% warto\u015bci umowy z powodu odst\u0105pienia od umowy z przyczyn le\u017c\u0105cych po stronie Sprzedaj\u0105cego<br \/>\nb) Kupuj\u0105cy zobowi\u0105zany jest do zap\u0142aty kary umownej w wysoko\u015bci 5% warto\u015bci umowy z powodu odst\u0105pienia od umowy z przyczyn le\u017c\u0105cych po stronie Kupuj\u0105cego<br \/>\n2<strong>. <\/strong>Odst\u0105pienie od umowy bez wzajemnych roszcze\u0144 finansowych mo\u017ce nast\u0105pi\u0107 w ka\u017cdym czasie jedynie za pisemn\u0105 zgod\u0105 stron.<br \/>\n3. W przypadku odst\u0105pienia od umowy przez Kupuj\u0105cego lub Sprzedaj\u0105cego z przyczyn le\u017c\u0105cych po stronie Kupuj\u0105cego, Kupuj\u0105cy zobowi\u0105zany jest do pokrycia koszt\u00f3w materia\u0142\u00f3w i prac wykonanych na poczet realizacji umowy.<br \/>\nMateria\u0142y wykorzystane do realizacji umowy, zostan\u0105 przekazane Kupuj\u0105cemu w terminie 14 dni od dnia zap\u0142aty za materia\u0142y (pomniejszonej o wp\u0142acone zaliczki) i prace wykonane<br \/>\nna poczet umowy.<\/p>\n<p><strong>G. ROZSTRZYGANIE SPOR\u00d3W<\/strong><br \/>\nEwentualne spory wynikaj\u0105ce z niniejszej umowy rozstrzyga\u0107 b\u0119dzie S\u0105d Powszechny dla siedziby Sprzedaj\u0105cego.<\/p>\n<p><strong>H. INNE POSTANOWIENIA<\/strong><br \/>\n1. Sprzedaj\u0105cy zastrzega sobie prawo wprowadzania w zam\u00f3wionych wyrobach zmian technicznych spowodowanych post\u0119pem technicznym i technologicznym, co najmniej nie obni\u017caj\u0105cych warto\u015bci u\u017cytkowych.<br \/>\n2. Ewentualne za\u0142\u0105czniki stanowi\u0105 integraln\u0105 cz\u0119\u015b\u0107 umowy.<br \/>\n3. Wszystkie zmiany powy\u017cszych warunk\u00f3w wymagaj\u0105 formy pisemnej pod rygorem niewa\u017cno\u015bci zaakceptowane przez Kupuj\u0105cego i Zarz\u0105d Sprzedaj\u0105cego.<br \/>\n4. W sprawach nieuregulowanych powy\u017cszymi postanowieniami maj\u0105 zastosowanie odpowiednie przepisy Kodeksu Cywilnego.<br \/>\n5. Umowa jest sporz\u0105dzana w dw\u00f3ch jednobrzmi\u0105cych egzemplarzach, po jednym dla ka\u017cdej ze stron.<\/p>\n<p>&nbsp;<\/p>\n<p>Szczeg\u00f3\u0142owe warunki sprzeda\u017cy, dostaw i gwarancji &#8220;MEGAL&#8221; s\u0105 do\u0142\u0105czane do um\u00f3w<\/p>\n","protected":false},"excerpt":{"rendered":"<p>&#8220;MEGAL&#8221; zwany dalej Sprzedaj\u0105cym sprzedaje, a Kupuj\u0105cy kupuje towary okre\u015blone w umowie na nast\u0119puj\u0105cych warunkach: &nbsp; A. CENA 1. Ceny ustalone w umowie s\u0105 cenami netto (bez podatku VAT). Do ustalonych cen jest doliczany podatek VAT w wysoko\u015bci obowi\u0105zuj\u0105cej dla kupowanych towar\u00f3w w dniu podpisania umowy. Sprzedaj\u0105cy ma prawo do zmiany wynagrodzenia w przypadku zmiany [&hellip;]<\/p>\n","protected":false},"author":1,"featured_media":0,"parent":413,"menu_order":0,"comment_status":"closed","ping_status":"closed","template":"","meta":{"_acf_changed":false,"footnotes":""},"class_list":["post-987","page","type-page","status-publish","hentry"],"acf":[],"yoast_head":"<!-- This site is optimized with the Yoast SEO plugin v27.1.1 - https:\/\/yoast.com\/product\/yoast-seo-wordpress\/ -->\n<title>Warunki sprzeda\u017cy, dostaw i gwarancji Megal dla konsumenta - Megal<\/title>\n<meta name=\"robots\" content=\"index, follow, max-snippet:-1, max-image-preview:large, max-video-preview:-1\" \/>\n<link rel=\"canonical\" href=\"https:\/\/megal.pl\/en\/conditions-of-sale-of-deliveries-and-of-guarantees-of-megal\/warunki-sprzedazy-dostaw-i-gwarancji-megal-dla-konsumenta\/\" \/>\n<meta property=\"og:locale\" content=\"en_US\" \/>\n<meta property=\"og:type\" content=\"article\" \/>\n<meta property=\"og:title\" content=\"Warunki sprzeda\u017cy, dostaw i gwarancji Megal dla konsumenta - Megal\" \/>\n<meta property=\"og:description\" content=\"&#8220;MEGAL&#8221; zwany dalej Sprzedaj\u0105cym sprzedaje, a Kupuj\u0105cy kupuje towary okre\u015blone w umowie na nast\u0119puj\u0105cych warunkach: &nbsp; A. CENA 1. Ceny ustalone w umowie s\u0105 cenami netto (bez podatku VAT). Do ustalonych cen jest doliczany podatek VAT w wysoko\u015bci obowi\u0105zuj\u0105cej dla kupowanych towar\u00f3w w dniu podpisania umowy. Sprzedaj\u0105cy ma prawo do zmiany wynagrodzenia w przypadku zmiany [&hellip;]\" \/>\n<meta property=\"og:url\" content=\"https:\/\/megal.pl\/en\/conditions-of-sale-of-deliveries-and-of-guarantees-of-megal\/warunki-sprzedazy-dostaw-i-gwarancji-megal-dla-konsumenta\/\" \/>\n<meta property=\"og:site_name\" content=\"Megal\" \/>\n<meta property=\"article:modified_time\" content=\"2022-01-21T13:29:26+00:00\" \/>\n<meta name=\"twitter:card\" content=\"summary_large_image\" \/>\n<meta name=\"twitter:label1\" content=\"Est. reading time\" \/>\n\t<meta name=\"twitter:data1\" content=\"8 minutes\" \/>\n<script type=\"application\/ld+json\" class=\"yoast-schema-graph\">{\"@context\":\"https:\/\/schema.org\",\"@graph\":[{\"@type\":\"WebPage\",\"@id\":\"https:\/\/megal.pl\/en\/conditions-of-sale-of-deliveries-and-of-guarantees-of-megal\/warunki-sprzedazy-dostaw-i-gwarancji-megal-dla-konsumenta\/\",\"url\":\"https:\/\/megal.pl\/en\/conditions-of-sale-of-deliveries-and-of-guarantees-of-megal\/warunki-sprzedazy-dostaw-i-gwarancji-megal-dla-konsumenta\/\",\"name\":\"Warunki sprzeda\u017cy, dostaw i gwarancji Megal dla konsumenta - Megal\",\"isPartOf\":{\"@id\":\"https:\/\/megal.pl\/#website\"},\"datePublished\":\"2020-10-26T09:58:21+00:00\",\"dateModified\":\"2022-01-21T13:29:26+00:00\",\"breadcrumb\":{\"@id\":\"https:\/\/megal.pl\/en\/conditions-of-sale-of-deliveries-and-of-guarantees-of-megal\/warunki-sprzedazy-dostaw-i-gwarancji-megal-dla-konsumenta\/#breadcrumb\"},\"inLanguage\":\"en-US\",\"potentialAction\":[{\"@type\":\"ReadAction\",\"target\":[\"https:\/\/megal.pl\/en\/conditions-of-sale-of-deliveries-and-of-guarantees-of-megal\/warunki-sprzedazy-dostaw-i-gwarancji-megal-dla-konsumenta\/\"]}]},{\"@type\":\"BreadcrumbList\",\"@id\":\"https:\/\/megal.pl\/en\/conditions-of-sale-of-deliveries-and-of-guarantees-of-megal\/warunki-sprzedazy-dostaw-i-gwarancji-megal-dla-konsumenta\/#breadcrumb\",\"itemListElement\":[{\"@type\":\"ListItem\",\"position\":1,\"name\":\"Strona g\u0142\u00f3wna\",\"item\":\"https:\/\/megal.pl\/en\/\"},{\"@type\":\"ListItem\",\"position\":2,\"name\":\"Conditions of sale, of deliveries and of guarantee(s) of &#8220;Megal&#8221;\",\"item\":\"https:\/\/megal.pl\/en\/conditions-of-sale-of-deliveries-and-of-guarantees-of-megal\/\"},{\"@type\":\"ListItem\",\"position\":3,\"name\":\"Warunki sprzeda\u017cy, dostaw i gwarancji Megal dla konsumenta\"}]},{\"@type\":\"WebSite\",\"@id\":\"https:\/\/megal.pl\/#website\",\"url\":\"https:\/\/megal.pl\/\",\"name\":\"Megal\",\"description\":\"Bezpieczny \u015bwiat bez krat\",\"publisher\":{\"@id\":\"https:\/\/megal.pl\/#organization\"},\"potentialAction\":[{\"@type\":\"SearchAction\",\"target\":{\"@type\":\"EntryPoint\",\"urlTemplate\":\"https:\/\/megal.pl\/?s={search_term_string}\"},\"query-input\":{\"@type\":\"PropertyValueSpecification\",\"valueRequired\":true,\"valueName\":\"search_term_string\"}}],\"inLanguage\":\"en-US\"},{\"@type\":\"Organization\",\"@id\":\"https:\/\/megal.pl\/#organization\",\"name\":\"Megal Sp.z o.o.\",\"url\":\"https:\/\/megal.pl\/\",\"logo\":{\"@type\":\"ImageObject\",\"inLanguage\":\"en-US\",\"@id\":\"https:\/\/megal.pl\/#\/schema\/logo\/image\/\",\"url\":\"https:\/\/megal.pl\/wp-content\/uploads\/2020\/10\/megal-logo.svg\",\"contentUrl\":\"https:\/\/megal.pl\/wp-content\/uploads\/2020\/10\/megal-logo.svg\",\"width\":1,\"height\":1,\"caption\":\"Megal Sp.z o.o.\"},\"image\":{\"@id\":\"https:\/\/megal.pl\/#\/schema\/logo\/image\/\"},\"sameAs\":[\"https:\/\/www.instagram.com\/megal.pl\/?igshid=YmMyMTA2M2Y=\"]}]}<\/script>\n<!-- \/ Yoast SEO plugin. -->","yoast_head_json":{"title":"Warunki sprzeda\u017cy, dostaw i gwarancji Megal dla konsumenta - Megal","robots":{"index":"index","follow":"follow","max-snippet":"max-snippet:-1","max-image-preview":"max-image-preview:large","max-video-preview":"max-video-preview:-1"},"canonical":"https:\/\/megal.pl\/en\/conditions-of-sale-of-deliveries-and-of-guarantees-of-megal\/warunki-sprzedazy-dostaw-i-gwarancji-megal-dla-konsumenta\/","og_locale":"en_US","og_type":"article","og_title":"Warunki sprzeda\u017cy, dostaw i gwarancji Megal dla konsumenta - Megal","og_description":"&#8220;MEGAL&#8221; zwany dalej Sprzedaj\u0105cym sprzedaje, a Kupuj\u0105cy kupuje towary okre\u015blone w umowie na nast\u0119puj\u0105cych warunkach: &nbsp; A. CENA 1. Ceny ustalone w umowie s\u0105 cenami netto (bez podatku VAT). Do ustalonych cen jest doliczany podatek VAT w wysoko\u015bci obowi\u0105zuj\u0105cej dla kupowanych towar\u00f3w w dniu podpisania umowy. Sprzedaj\u0105cy ma prawo do zmiany wynagrodzenia w przypadku zmiany [&hellip;]","og_url":"https:\/\/megal.pl\/en\/conditions-of-sale-of-deliveries-and-of-guarantees-of-megal\/warunki-sprzedazy-dostaw-i-gwarancji-megal-dla-konsumenta\/","og_site_name":"Megal","article_modified_time":"2022-01-21T13:29:26+00:00","twitter_card":"summary_large_image","twitter_misc":{"Est. reading time":"8 minutes"},"schema":{"@context":"https:\/\/schema.org","@graph":[{"@type":"WebPage","@id":"https:\/\/megal.pl\/en\/conditions-of-sale-of-deliveries-and-of-guarantees-of-megal\/warunki-sprzedazy-dostaw-i-gwarancji-megal-dla-konsumenta\/","url":"https:\/\/megal.pl\/en\/conditions-of-sale-of-deliveries-and-of-guarantees-of-megal\/warunki-sprzedazy-dostaw-i-gwarancji-megal-dla-konsumenta\/","name":"Warunki sprzeda\u017cy, dostaw i gwarancji Megal dla konsumenta - Megal","isPartOf":{"@id":"https:\/\/megal.pl\/#website"},"datePublished":"2020-10-26T09:58:21+00:00","dateModified":"2022-01-21T13:29:26+00:00","breadcrumb":{"@id":"https:\/\/megal.pl\/en\/conditions-of-sale-of-deliveries-and-of-guarantees-of-megal\/warunki-sprzedazy-dostaw-i-gwarancji-megal-dla-konsumenta\/#breadcrumb"},"inLanguage":"en-US","potentialAction":[{"@type":"ReadAction","target":["https:\/\/megal.pl\/en\/conditions-of-sale-of-deliveries-and-of-guarantees-of-megal\/warunki-sprzedazy-dostaw-i-gwarancji-megal-dla-konsumenta\/"]}]},{"@type":"BreadcrumbList","@id":"https:\/\/megal.pl\/en\/conditions-of-sale-of-deliveries-and-of-guarantees-of-megal\/warunki-sprzedazy-dostaw-i-gwarancji-megal-dla-konsumenta\/#breadcrumb","itemListElement":[{"@type":"ListItem","position":1,"name":"Strona g\u0142\u00f3wna","item":"https:\/\/megal.pl\/en\/"},{"@type":"ListItem","position":2,"name":"Conditions of sale, of deliveries and of guarantee(s) of &#8220;Megal&#8221;","item":"https:\/\/megal.pl\/en\/conditions-of-sale-of-deliveries-and-of-guarantees-of-megal\/"},{"@type":"ListItem","position":3,"name":"Warunki sprzeda\u017cy, dostaw i gwarancji Megal dla konsumenta"}]},{"@type":"WebSite","@id":"https:\/\/megal.pl\/#website","url":"https:\/\/megal.pl\/","name":"Megal","description":"Bezpieczny \u015bwiat bez krat","publisher":{"@id":"https:\/\/megal.pl\/#organization"},"potentialAction":[{"@type":"SearchAction","target":{"@type":"EntryPoint","urlTemplate":"https:\/\/megal.pl\/?s={search_term_string}"},"query-input":{"@type":"PropertyValueSpecification","valueRequired":true,"valueName":"search_term_string"}}],"inLanguage":"en-US"},{"@type":"Organization","@id":"https:\/\/megal.pl\/#organization","name":"Megal Sp.z o.o.","url":"https:\/\/megal.pl\/","logo":{"@type":"ImageObject","inLanguage":"en-US","@id":"https:\/\/megal.pl\/#\/schema\/logo\/image\/","url":"https:\/\/megal.pl\/wp-content\/uploads\/2020\/10\/megal-logo.svg","contentUrl":"https:\/\/megal.pl\/wp-content\/uploads\/2020\/10\/megal-logo.svg","width":1,"height":1,"caption":"Megal Sp.z o.o."},"image":{"@id":"https:\/\/megal.pl\/#\/schema\/logo\/image\/"},"sameAs":["https:\/\/www.instagram.com\/megal.pl\/?igshid=YmMyMTA2M2Y="]}]}},"_links":{"self":[{"href":"https:\/\/megal.pl\/en\/wp-json\/wp\/v2\/pages\/987","targetHints":{"allow":["GET"]}}],"collection":[{"href":"https:\/\/megal.pl\/en\/wp-json\/wp\/v2\/pages"}],"about":[{"href":"https:\/\/megal.pl\/en\/wp-json\/wp\/v2\/types\/page"}],"author":[{"embeddable":true,"href":"https:\/\/megal.pl\/en\/wp-json\/wp\/v2\/users\/1"}],"replies":[{"embeddable":true,"href":"https:\/\/megal.pl\/en\/wp-json\/wp\/v2\/comments?post=987"}],"version-history":[{"count":2,"href":"https:\/\/megal.pl\/en\/wp-json\/wp\/v2\/pages\/987\/revisions"}],"predecessor-version":[{"id":1329,"href":"https:\/\/megal.pl\/en\/wp-json\/wp\/v2\/pages\/987\/revisions\/1329"}],"up":[{"embeddable":true,"href":"https:\/\/megal.pl\/en\/wp-json\/wp\/v2\/pages\/413"}],"wp:attachment":[{"href":"https:\/\/megal.pl\/en\/wp-json\/wp\/v2\/media?parent=987"}],"curies":[{"name":"wp","href":"https:\/\/api.w.org\/{rel}","templated":true}]}}